{"id":256,"date":"2020-07-26T09:39:28","date_gmt":"2020-07-26T09:39:28","guid":{"rendered":"http:\/\/sps-schinkel.de\/?page_id=256"},"modified":"2023-12-18T13:10:17","modified_gmt":"2023-12-18T13:10:17","slug":"springunterricht","status":"publish","type":"page","link":"https:\/\/sps-schinkel.de\/?page_id=256","title":{"rendered":"Unterricht"},"content":{"rendered":"\n<p>Bei uns findet regelm\u00e4\u00dfig und nach Absprache professioneller Unterricht auf dem eigenen Pferd statt. Wenn ihr teilnehmen wollt, m\u00fcsst ihr euch lediglich bei uns anmelden. Euer Pferd k\u00f6nnt ihr nat\u00fcrlich mitbringen, wenn es nicht bei uns auf dem Hof steht. Die Hufschlaggeb\u00fchr (HSG) f\u00fcr Externe betr\u00e4gt 10\u20ac pro Unterrichtseinheit.<\/p>\n\n\n\n<p>Aktuell findet in der Regel am Dienstags Springunterricht und nach Absprache Dressurunterricht durch einen Trainer vor Ort oder auch externe Trainer statt. Weiterer Unterricht ist nach Absprache jederzeit m\u00f6glich. Bei Interesse schreibt uns einfach eine <a href=\"mailto:web@sps-schinkel.de\" data-type=\"mailto\" data-id=\"mailto:web@sps-schinkel.de\">E-Mail<\/a> oder eine kurze Nachricht bei Facebook.<\/p>\n\n\n\n<p>G\u00e4ste und Zuschauer sind gerne erw\u00fcnscht. Im Sommer schmei\u00dfen wir an sch\u00f6nen Tagen auch mal den Grill an, dann gibt es Grillwurst, Hotdogs &amp; Co. und im Winter auch mal eine warme Suppe &#8211; alles zum Selbstkostenpreis oder einer kleinen Spende f\u00fcrs Einkaufen.<\/p>\n\n\n\n<hr class=\"wp-block-separator has-css-opacity is-style-wide\"\/>\n\n\n\n<figure class=\"wp-block-gallery has-nested-images columns-default is-cropped wp-block-gallery-1 is-layout-flex\">\n<figure class=\"wp-block-image size-full is-style-default\"><img fetchpriority=\"high\" decoding=\"async\" width=\"818\" height=\"300\" data-id=\"266\"  src=\"https:\/\/i0.wp.com\/sps-schinkel.de\/wp-content\/uploads\/2020\/07\/3-1.jpg?resize=818%2C300&#038;ssl=1\" alt=\"\" class=\"wp-image-266\" srcset=\"https:\/\/i0.wp.com\/sps-schinkel.de\/wp-content\/uploads\/2020\/07\/3-1.jpg?w=818&amp;ssl=1 818w, https:\/\/i0.wp.com\/sps-schinkel.de\/wp-content\/uploads\/2020\/07\/3-1.jpg?resize=300%2C110&amp;ssl=1 300w, https:\/\/i0.wp.com\/sps-schinkel.de\/wp-content\/uploads\/2020\/07\/3-1.jpg?resize=768%2C282&amp;ssl=1 768w\" sizes=\"(max-width: 818px) 100vw, 818px\" data-recalc-dims=\"1\" \/><\/figure>\n\n\n\n<figure class=\"wp-block-image size-full is-style-default\"><img decoding=\"async\" width=\"697\" height=\"300\" data-id=\"263\"  src=\"https:\/\/i0.wp.com\/sps-schinkel.de\/wp-content\/uploads\/2020\/07\/2.jpg?resize=697%2C300&#038;ssl=1\" alt=\"\" class=\"wp-image-263\" srcset=\"https:\/\/i0.wp.com\/sps-schinkel.de\/wp-content\/uploads\/2020\/07\/2.jpg?w=697&amp;ssl=1 697w, https:\/\/i0.wp.com\/sps-schinkel.de\/wp-content\/uploads\/2020\/07\/2.jpg?resize=300%2C129&amp;ssl=1 300w\" sizes=\"(max-width: 697px) 100vw, 697px\" data-recalc-dims=\"1\" \/><\/figure>\n<\/figure>\n","protected":false},"excerpt":{"rendered":"<p>Bei uns findet regelm\u00e4\u00dfig und nach Absprache professioneller Unterricht auf dem eigenen Pferd statt. Wenn ihr teilnehmen wollt, m\u00fcsst ihr euch lediglich bei uns anmelden. Euer Pferd k\u00f6nnt ihr nat\u00fcrlich mitbringen, wenn es nicht bei uns auf dem Hof steht. Die Hufschlaggeb\u00fchr (HSG) f\u00fcr Externe betr\u00e4gt 10\u20ac pro Unterrichtseinheit. Aktuell findet in der Regel am [&hellip;]<\/p>\n","protected":false},"author":1,"featured_media":0,"parent":0,"menu_order":0,"comment_status":"closed","ping_status":"closed","template":"","meta":[],"jetpack_sharing_enabled":true,"_links":{"self":[{"href":"https:\/\/sps-schinkel.de\/index.php?rest_route=\/wp\/v2\/pages\/256"}],"collection":[{"href":"https:\/\/sps-schinkel.de\/index.php?rest_route=\/wp\/v2\/pages"}],"about":[{"href":"https:\/\/sps-schinkel.de\/index.php?rest_route=\/wp\/v2\/types\/page"}],"author":[{"embeddable":true,"href":"https:\/\/sps-schinkel.de\/index.php?rest_route=\/wp\/v2\/users\/1"}],"replies":[{"embeddable":true,"href":"https:\/\/sps-schinkel.de\/index.php?rest_route=%2Fwp%2Fv2%2Fcomments&post=256"}],"version-history":[{"count":15,"href":"https:\/\/sps-schinkel.de\/index.php?rest_route=\/wp\/v2\/pages\/256\/revisions"}],"predecessor-version":[{"id":482,"href":"https:\/\/sps-schinkel.de\/index.php?rest_route=\/wp\/v2\/pages\/256\/revisions\/482"}],"wp:attachment":[{"href":"https:\/\/sps-schinkel.de\/index.php?rest_route=%2Fwp%2Fv2%2Fmedia&parent=256"}],"curies":[{"name":"wp","href":"https:\/\/api.w.org\/{rel}","templated":true}]}}