{"id":52,"date":"2020-04-24T09:35:30","date_gmt":"2020-04-24T09:35:30","guid":{"rendered":"http:\/\/sps-schinkel.de\/?page_id=52"},"modified":"2024-02-26T12:15:15","modified_gmt":"2024-02-26T12:15:15","slug":"portfolio","status":"publish","type":"page","link":"https:\/\/sps-schinkel.de\/?page_id=52","title":{"rendered":"Portfolio"},"content":{"rendered":"\n<p>Zur Zeit vermieten wir grunds\u00e4tzlich keine Boxen mehr. Es gibt aber die M\u00f6glichkeit gegen eine Hufschlaggeb\u00fchr bei einem unserer Trainer <a href=\"https:\/\/sps-schinkel.de\/?page_id=256\" data-type=\"URL\" data-id=\"https:\/\/sps-schinkel.de\/?page_id=256\">Unterricht<\/a> zu nehmen.<\/p>\n\n\n\n<hr class=\"wp-block-separator has-alpha-channel-opacity is-style-wide\"\/>\n\n\n\n<h4 class=\"wp-block-heading\">Stallungen<\/h4>\n\n\n\n<p><\/p>\n\n\n\n<figure class=\"wp-block-gallery has-nested-images columns-default is-cropped aligncenter wp-block-gallery-1 is-layout-flex\">\n<figure class=\"wp-block-image size-full is-style-default\"><img fetchpriority=\"high\" decoding=\"async\" width=\"600\" height=\"350\" data-id=\"200\"  src=\"https:\/\/i0.wp.com\/sps-schinkel.de\/wp-content\/uploads\/2020\/07\/boxen1-4.jpg?resize=600%2C350&#038;ssl=1\" alt=\"\" class=\"wp-image-200\" srcset=\"https:\/\/i0.wp.com\/sps-schinkel.de\/wp-content\/uploads\/2020\/07\/boxen1-4.jpg?w=600&amp;ssl=1 600w, https:\/\/i0.wp.com\/sps-schinkel.de\/wp-content\/uploads\/2020\/07\/boxen1-4.jpg?resize=300%2C175&amp;ssl=1 300w\" sizes=\"(max-width: 600px) 100vw, 600px\" data-recalc-dims=\"1\" \/><\/figure>\n\n\n\n<figure class=\"wp-block-image size-full is-style-default\"><img decoding=\"async\" width=\"600\" height=\"350\" data-id=\"201\"  src=\"https:\/\/i0.wp.com\/sps-schinkel.de\/wp-content\/uploads\/2020\/07\/boxen2-3.jpg?resize=600%2C350&#038;ssl=1\" alt=\"\" class=\"wp-image-201\" srcset=\"https:\/\/i0.wp.com\/sps-schinkel.de\/wp-content\/uploads\/2020\/07\/boxen2-3.jpg?w=600&amp;ssl=1 600w, https:\/\/i0.wp.com\/sps-schinkel.de\/wp-content\/uploads\/2020\/07\/boxen2-3.jpg?resize=300%2C175&amp;ssl=1 300w\" sizes=\"(max-width: 600px) 100vw, 600px\" data-recalc-dims=\"1\" \/><\/figure>\n<figcaption class=\"blocks-gallery-caption wp-element-caption\"><em>Blick in eine unserer Au\u00dfenboxen<\/em><\/figcaption><\/figure>\n\n\n\n<hr class=\"wp-block-separator has-css-opacity is-style-dots\"\/>\n\n\n\n<figure class=\"wp-block-gallery has-nested-images columns-default is-cropped wp-block-gallery-3 is-layout-flex\">\n<figure class=\"wp-block-image size-large is-style-default\"><img decoding=\"async\" width=\"1024\" height=\"666\" data-id=\"309\"  src=\"https:\/\/i0.wp.com\/sps-schinkel.de\/wp-content\/uploads\/2020\/11\/neustall2.jpeg?resize=1024%2C666&#038;ssl=1\" alt=\"\" class=\"wp-image-309\" srcset=\"https:\/\/i0.wp.com\/sps-schinkel.de\/wp-content\/uploads\/2020\/11\/neustall2.jpeg?w=1024&amp;ssl=1 1024w, https:\/\/i0.wp.com\/sps-schinkel.de\/wp-content\/uploads\/2020\/11\/neustall2.jpeg?resize=300%2C195&amp;ssl=1 300w, https:\/\/i0.wp.com\/sps-schinkel.de\/wp-content\/uploads\/2020\/11\/neustall2.jpeg?resize=768%2C500&amp;ssl=1 768w\" sizes=\"(max-width: 1024px) 100vw, 1024px\" data-recalc-dims=\"1\" \/><\/figure>\n\n\n\n<figure class=\"wp-block-image size-large is-style-default\"><img loading=\"lazy\" decoding=\"async\" width=\"1024\" height=\"666\" data-id=\"310\"  src=\"https:\/\/i0.wp.com\/sps-schinkel.de\/wp-content\/uploads\/2020\/11\/neustall.jpeg?resize=1024%2C666&#038;ssl=1\" alt=\"\" class=\"wp-image-310\" srcset=\"https:\/\/i0.wp.com\/sps-schinkel.de\/wp-content\/uploads\/2020\/11\/neustall.jpeg?w=1024&amp;ssl=1 1024w, https:\/\/i0.wp.com\/sps-schinkel.de\/wp-content\/uploads\/2020\/11\/neustall.jpeg?resize=300%2C195&amp;ssl=1 300w, https:\/\/i0.wp.com\/sps-schinkel.de\/wp-content\/uploads\/2020\/11\/neustall.jpeg?resize=768%2C500&amp;ssl=1 768w\" sizes=\"(max-width: 1024px) 100vw, 1024px\" data-recalc-dims=\"1\" \/><\/figure>\n<figcaption class=\"blocks-gallery-caption wp-element-caption\"><em>Unsere Boxen im 14er Stall<\/em><\/figcaption><\/figure>\n\n\n\n<p><\/p>\n\n\n\n<hr class=\"wp-block-separator has-css-opacity is-style-wide\"\/>\n\n\n\n<h4 class=\"wp-block-heading\">Reitpl\u00e4tze<\/h4>\n\n\n\n<p><em>Auf unserer Anlage stehen euch zwei Reitpl\u00e4tze, ein Springplatz (25 x 65 Meter, Sandboden) mit Parcours und ein Dressurplatz (20 x 40 Meter, Wattsandboden<\/em>) <em>zur Verf\u00fcgung. Bei schlechtem Wetter k\u00f6nnt ihr auf die Reithalle ausweichen. Unsere B\u00f6den sind gelasert.<\/em><\/p>\n\n\n\n<figure class=\"wp-block-gallery has-nested-images columns-default is-cropped wp-block-gallery-5 is-layout-flex\">\n<figure class=\"wp-block-image size-large is-style-default\"><img loading=\"lazy\" decoding=\"async\" width=\"600\" height=\"350\" data-id=\"203\"  src=\"https:\/\/i0.wp.com\/sps-schinkel.de\/wp-content\/uploads\/2020\/07\/springplatz-1.jpg?resize=600%2C350&#038;ssl=1\" alt=\"\" class=\"wp-image-203\" srcset=\"https:\/\/i0.wp.com\/sps-schinkel.de\/wp-content\/uploads\/2020\/07\/springplatz-1.jpg?w=600&amp;ssl=1 600w, https:\/\/i0.wp.com\/sps-schinkel.de\/wp-content\/uploads\/2020\/07\/springplatz-1.jpg?resize=300%2C175&amp;ssl=1 300w\" sizes=\"(max-width: 600px) 100vw, 600px\" data-recalc-dims=\"1\" \/><\/figure>\n\n\n\n<figure class=\"wp-block-image size-large is-style-default\"><img loading=\"lazy\" decoding=\"async\" width=\"600\" height=\"350\" data-id=\"202\"  src=\"https:\/\/i0.wp.com\/sps-schinkel.de\/wp-content\/uploads\/2020\/07\/dressurplatz-1.jpg?resize=600%2C350&#038;ssl=1\" alt=\"\" class=\"wp-image-202\" srcset=\"https:\/\/i0.wp.com\/sps-schinkel.de\/wp-content\/uploads\/2020\/07\/dressurplatz-1.jpg?w=600&amp;ssl=1 600w, https:\/\/i0.wp.com\/sps-schinkel.de\/wp-content\/uploads\/2020\/07\/dressurplatz-1.jpg?resize=300%2C175&amp;ssl=1 300w\" sizes=\"(max-width: 600px) 100vw, 600px\" data-recalc-dims=\"1\" \/><\/figure>\n<figcaption class=\"blocks-gallery-caption wp-element-caption\"><em>Blick auf den gro\u00dfen Springplatz und das Dressurviereck<\/em><\/figcaption><\/figure>\n\n\n\n<hr class=\"wp-block-separator has-css-opacity is-style-wide\"\/>\n\n\n\n<h4 class=\"wp-block-heading\">Reithalle<\/h4>\n\n\n\n<p><em>Unsere Reithalle (20 x 40 Meter) ist mit einer computergesteuerter Bew\u00e4sserung ausgestattet und verf\u00fcgt \u00fcber einen SandVlies-Boden<\/em><\/p>\n\n\n\n<figure class=\"wp-block-gallery has-nested-images columns-default is-cropped wp-block-gallery-7 is-layout-flex\">\n<figure class=\"wp-block-image size-large is-style-default\"><img loading=\"lazy\" decoding=\"async\" width=\"600\" height=\"350\" data-id=\"234\"  src=\"https:\/\/i0.wp.com\/sps-schinkel.de\/wp-content\/uploads\/2020\/07\/PSX_20200702_202032.jpg?resize=600%2C350&#038;ssl=1\" alt=\"\" class=\"wp-image-234\" srcset=\"https:\/\/i0.wp.com\/sps-schinkel.de\/wp-content\/uploads\/2020\/07\/PSX_20200702_202032.jpg?w=600&amp;ssl=1 600w, https:\/\/i0.wp.com\/sps-schinkel.de\/wp-content\/uploads\/2020\/07\/PSX_20200702_202032.jpg?resize=300%2C175&amp;ssl=1 300w\" sizes=\"(max-width: 600px) 100vw, 600px\" data-recalc-dims=\"1\" \/><\/figure>\n\n\n\n<figure class=\"wp-block-image size-large is-style-default\"><img loading=\"lazy\" decoding=\"async\" width=\"600\" height=\"350\" data-id=\"213\"  src=\"https:\/\/i0.wp.com\/sps-schinkel.de\/wp-content\/uploads\/2020\/07\/halle1.jpg?resize=600%2C350&#038;ssl=1\" alt=\"\" class=\"wp-image-213\" srcset=\"https:\/\/i0.wp.com\/sps-schinkel.de\/wp-content\/uploads\/2020\/07\/halle1.jpg?w=600&amp;ssl=1 600w, https:\/\/i0.wp.com\/sps-schinkel.de\/wp-content\/uploads\/2020\/07\/halle1.jpg?resize=300%2C175&amp;ssl=1 300w\" sizes=\"(max-width: 600px) 100vw, 600px\" data-recalc-dims=\"1\" \/><\/figure>\n<figcaption class=\"blocks-gallery-caption wp-element-caption\"><em>Innenansicht der Reithalle mit Spiegeln<\/em><\/figcaption><\/figure>\n\n\n\n<hr class=\"wp-block-separator has-css-opacity is-style-wide\"\/>\n\n\n\n<h4 class=\"wp-block-heading\">Longierzirkel<\/h4>\n\n\n\n<p><em>Gleich neben den Paddocks befindet sich unser Longierzirkel mit einem Sandboden.<\/em><\/p>\n\n\n\n<figure class=\"wp-block-gallery has-nested-images columns-default is-cropped wp-block-gallery-9 is-layout-flex\">\n<figure class=\"wp-block-image size-large is-style-default\"><img loading=\"lazy\" decoding=\"async\" width=\"600\" height=\"350\" data-id=\"204\"  src=\"https:\/\/i0.wp.com\/sps-schinkel.de\/wp-content\/uploads\/2020\/07\/zirkel1-1.jpg?resize=600%2C350&#038;ssl=1\" alt=\"\" class=\"wp-image-204\" srcset=\"https:\/\/i0.wp.com\/sps-schinkel.de\/wp-content\/uploads\/2020\/07\/zirkel1-1.jpg?w=600&amp;ssl=1 600w, https:\/\/i0.wp.com\/sps-schinkel.de\/wp-content\/uploads\/2020\/07\/zirkel1-1.jpg?resize=300%2C175&amp;ssl=1 300w\" sizes=\"(max-width: 600px) 100vw, 600px\" data-recalc-dims=\"1\" \/><\/figure>\n\n\n\n<figure class=\"wp-block-image size-large is-style-default\"><img loading=\"lazy\" decoding=\"async\" width=\"600\" height=\"350\" data-id=\"205\"  src=\"https:\/\/i0.wp.com\/sps-schinkel.de\/wp-content\/uploads\/2020\/07\/zirkel2-1.jpg?resize=600%2C350&#038;ssl=1\" alt=\"\" class=\"wp-image-205\" srcset=\"https:\/\/i0.wp.com\/sps-schinkel.de\/wp-content\/uploads\/2020\/07\/zirkel2-1.jpg?w=600&amp;ssl=1 600w, https:\/\/i0.wp.com\/sps-schinkel.de\/wp-content\/uploads\/2020\/07\/zirkel2-1.jpg?resize=300%2C175&amp;ssl=1 300w\" sizes=\"(max-width: 600px) 100vw, 600px\" data-recalc-dims=\"1\" \/><\/figure>\n<figcaption class=\"blocks-gallery-caption wp-element-caption\"><em>Unser Longierzirkel mit Sitzecke<\/em><\/figcaption><\/figure>\n\n\n\n<hr class=\"wp-block-separator has-css-opacity is-style-wide\"\/>\n\n\n\n<h4 class=\"wp-block-heading\">Paddocks<\/h4>\n\n\n\n<p><em>Unsere gro\u00dfz\u00fcgigen Paddocks sollen den Pferden in Zeiten, in denen sie nicht auf die Weide gelassen werden k\u00f6nnen oder sollen, eine Bewegungsm\u00f6glichkeit bieten.<\/em><\/p>\n\n\n\n<figure class=\"wp-block-gallery has-nested-images columns-default is-cropped wp-block-gallery-11 is-layout-flex\">\n<figure class=\"wp-block-image size-large is-style-default\"><img loading=\"lazy\" decoding=\"async\" width=\"600\" height=\"350\" data-id=\"206\"  src=\"https:\/\/i0.wp.com\/sps-schinkel.de\/wp-content\/uploads\/2020\/07\/paddock1-1.jpg?resize=600%2C350&#038;ssl=1\" alt=\"\" class=\"wp-image-206\" srcset=\"https:\/\/i0.wp.com\/sps-schinkel.de\/wp-content\/uploads\/2020\/07\/paddock1-1.jpg?w=600&amp;ssl=1 600w, https:\/\/i0.wp.com\/sps-schinkel.de\/wp-content\/uploads\/2020\/07\/paddock1-1.jpg?resize=300%2C175&amp;ssl=1 300w\" sizes=\"(max-width: 600px) 100vw, 600px\" data-recalc-dims=\"1\" \/><\/figure>\n\n\n\n<figure class=\"wp-block-image size-large is-style-default\"><img loading=\"lazy\" decoding=\"async\" width=\"600\" height=\"350\" data-id=\"207\"  src=\"https:\/\/i0.wp.com\/sps-schinkel.de\/wp-content\/uploads\/2020\/07\/paddock2-1.jpg?resize=600%2C350&#038;ssl=1\" alt=\"\" class=\"wp-image-207\" srcset=\"https:\/\/i0.wp.com\/sps-schinkel.de\/wp-content\/uploads\/2020\/07\/paddock2-1.jpg?w=600&amp;ssl=1 600w, https:\/\/i0.wp.com\/sps-schinkel.de\/wp-content\/uploads\/2020\/07\/paddock2-1.jpg?resize=300%2C175&amp;ssl=1 300w\" sizes=\"(max-width: 600px) 100vw, 600px\" data-recalc-dims=\"1\" \/><\/figure>\n<figcaption class=\"blocks-gallery-caption wp-element-caption\"><em>Auf unseren Paddocks f\u00fchlen sich die Pferde rundum wohl<\/em><\/figcaption><\/figure>\n\n\n\n<hr class=\"wp-block-separator has-css-opacity is-style-wide\"\/>\n\n\n\n<h4 class=\"wp-block-heading\">Koppeln<\/h4>\n\n\n\n<p><em>Auf unseren fast sieben Hektar stehen ausgedehnte Weidefl\u00e4chen f\u00fcr unsere Einstellpferde zur Verf\u00fcgung.<\/em><\/p>\n\n\n\n<figure class=\"wp-block-gallery has-nested-images columns-default is-cropped wp-block-gallery-13 is-layout-flex\">\n<figure class=\"wp-block-image size-large is-style-default\"><img loading=\"lazy\" decoding=\"async\" width=\"600\" height=\"350\" data-id=\"210\"  src=\"https:\/\/i0.wp.com\/sps-schinkel.de\/wp-content\/uploads\/2020\/07\/koppel1-1.jpg?resize=600%2C350&#038;ssl=1\" alt=\"\" class=\"wp-image-210\" srcset=\"https:\/\/i0.wp.com\/sps-schinkel.de\/wp-content\/uploads\/2020\/07\/koppel1-1.jpg?w=600&amp;ssl=1 600w, https:\/\/i0.wp.com\/sps-schinkel.de\/wp-content\/uploads\/2020\/07\/koppel1-1.jpg?resize=300%2C175&amp;ssl=1 300w\" sizes=\"(max-width: 600px) 100vw, 600px\" data-recalc-dims=\"1\" \/><\/figure>\n\n\n\n<figure class=\"wp-block-image size-large is-style-default\"><img loading=\"lazy\" decoding=\"async\" width=\"600\" height=\"350\" data-id=\"211\"  src=\"https:\/\/i0.wp.com\/sps-schinkel.de\/wp-content\/uploads\/2020\/07\/koppel2.jpg?resize=600%2C350&#038;ssl=1\" alt=\"\" class=\"wp-image-211\" srcset=\"https:\/\/i0.wp.com\/sps-schinkel.de\/wp-content\/uploads\/2020\/07\/koppel2.jpg?w=600&amp;ssl=1 600w, https:\/\/i0.wp.com\/sps-schinkel.de\/wp-content\/uploads\/2020\/07\/koppel2.jpg?resize=300%2C175&amp;ssl=1 300w\" sizes=\"(max-width: 600px) 100vw, 600px\" data-recalc-dims=\"1\" \/><\/figure>\n<figcaption class=\"blocks-gallery-caption wp-element-caption\"><em>Naturnahe Koppeln mit viel Auslauffl\u00e4che<\/em><\/figcaption><\/figure>\n\n\n\n<p><\/p>\n","protected":false},"excerpt":{"rendered":"<p>Zur Zeit vermieten wir grunds\u00e4tzlich keine Boxen mehr. Es gibt aber die M\u00f6glichkeit gegen eine Hufschlaggeb\u00fchr bei einem unserer Trainer Unterricht zu nehmen. Stallungen Reitpl\u00e4tze Auf unserer Anlage stehen euch zwei Reitpl\u00e4tze, ein Springplatz (25 x 65 Meter, Sandboden) mit Parcours und ein Dressurplatz (20 x 40 Meter, Wattsandboden) zur Verf\u00fcgung. Bei schlechtem Wetter k\u00f6nnt [&hellip;]<\/p>\n","protected":false},"author":1,"featured_media":0,"parent":0,"menu_order":0,"comment_status":"closed","ping_status":"closed","template":"","meta":[],"jetpack_sharing_enabled":true,"_links":{"self":[{"href":"https:\/\/sps-schinkel.de\/index.php?rest_route=\/wp\/v2\/pages\/52"}],"collection":[{"href":"https:\/\/sps-schinkel.de\/index.php?rest_route=\/wp\/v2\/pages"}],"about":[{"href":"https:\/\/sps-schinkel.de\/index.php?rest_route=\/wp\/v2\/types\/page"}],"author":[{"embeddable":true,"href":"https:\/\/sps-schinkel.de\/index.php?rest_route=\/wp\/v2\/users\/1"}],"replies":[{"embeddable":true,"href":"https:\/\/sps-schinkel.de\/index.php?rest_route=%2Fwp%2Fv2%2Fcomments&post=52"}],"version-history":[{"count":48,"href":"https:\/\/sps-schinkel.de\/index.php?rest_route=\/wp\/v2\/pages\/52\/revisions"}],"predecessor-version":[{"id":488,"href":"https:\/\/sps-schinkel.de\/index.php?rest_route=\/wp\/v2\/pages\/52\/revisions\/488"}],"wp:attachment":[{"href":"https:\/\/sps-schinkel.de\/index.php?rest_route=%2Fwp%2Fv2%2Fmedia&parent=52"}],"curies":[{"name":"wp","href":"https:\/\/api.w.org\/{rel}","templated":true}]}}