{"id":56,"date":"2020-04-24T09:36:30","date_gmt":"2020-04-24T09:36:30","guid":{"rendered":"http:\/\/sps-schinkel.de\/?page_id=56"},"modified":"2024-02-26T12:15:32","modified_gmt":"2024-02-26T12:15:32","slug":"startseite","status":"publish","type":"page","link":"https:\/\/sps-schinkel.de\/","title":{"rendered":""},"content":{"rendered":"<div class=\"wp-block-image\">\n<figure class=\"aligncenter size-large\"><img fetchpriority=\"high\" decoding=\"async\" width=\"1024\" height=\"512\" src=\"https:\/\/i0.wp.com\/sps-schinkel.de\/wp-content\/uploads\/2022\/01\/anlage_luft2022-1-1024x512.jpg?resize=1024%2C512&#038;ssl=1\" alt=\"\" class=\"wp-image-410\" srcset=\"https:\/\/i0.wp.com\/sps-schinkel.de\/wp-content\/uploads\/2022\/01\/anlage_luft2022-1.jpg?resize=1024%2C512&amp;ssl=1 1024w, https:\/\/i0.wp.com\/sps-schinkel.de\/wp-content\/uploads\/2022\/01\/anlage_luft2022-1.jpg?resize=300%2C150&amp;ssl=1 300w, https:\/\/i0.wp.com\/sps-schinkel.de\/wp-content\/uploads\/2022\/01\/anlage_luft2022-1.jpg?resize=768%2C384&amp;ssl=1 768w, https:\/\/i0.wp.com\/sps-schinkel.de\/wp-content\/uploads\/2022\/01\/anlage_luft2022-1.jpg?resize=1536%2C768&amp;ssl=1 1536w, https:\/\/i0.wp.com\/sps-schinkel.de\/wp-content\/uploads\/2022\/01\/anlage_luft2022-1.jpg?w=2000&amp;ssl=1 2000w\" sizes=\"(max-width: 1024px) 100vw, 1024px\" data-recalc-dims=\"1\" \/><\/figure><\/div>\n\n\n<p class=\"has-text-align-center\">Auf den folgenden Seiten informieren wir euch \u00fcber unseren Stall und geben euch einen kleinen \u00dcberblick \u00fcber die Anlage.<\/p>\n","protected":false},"excerpt":{"rendered":"<p>Auf den folgenden Seiten informieren wir euch \u00fcber unseren Stall und geben euch einen kleinen \u00dcberblick \u00fcber die Anlage.<\/p>\n","protected":false},"author":1,"featured_media":0,"parent":0,"menu_order":0,"comment_status":"closed","ping_status":"closed","template":"","meta":[],"jetpack_sharing_enabled":true,"_links":{"self":[{"href":"https:\/\/sps-schinkel.de\/index.php?rest_route=\/wp\/v2\/pages\/56"}],"collection":[{"href":"https:\/\/sps-schinkel.de\/index.php?rest_route=\/wp\/v2\/pages"}],"about":[{"href":"https:\/\/sps-schinkel.de\/index.php?rest_route=\/wp\/v2\/types\/page"}],"author":[{"embeddable":true,"href":"https:\/\/sps-schinkel.de\/index.php?rest_route=\/wp\/v2\/users\/1"}],"replies":[{"embeddable":true,"href":"https:\/\/sps-schinkel.de\/index.php?rest_route=%2Fwp%2Fv2%2Fcomments&post=56"}],"version-history":[{"count":40,"href":"https:\/\/sps-schinkel.de\/index.php?rest_route=\/wp\/v2\/pages\/56\/revisions"}],"predecessor-version":[{"id":489,"href":"https:\/\/sps-schinkel.de\/index.php?rest_route=\/wp\/v2\/pages\/56\/revisions\/489"}],"wp:attachment":[{"href":"https:\/\/sps-schinkel.de\/index.php?rest_route=%2Fwp%2Fv2%2Fmedia&parent=56"}],"curies":[{"name":"wp","href":"https:\/\/api.w.org\/{rel}","templated":true}]}}